{"id":12054,"date":"2021-10-18T10:28:01","date_gmt":"2021-10-18T08:28:01","guid":{"rendered":"https:\/\/laplumerivedroite.com\/la-plume\/"},"modified":"2025-08-26T11:48:30","modified_gmt":"2025-08-26T09:48:30","slug":"la-plume","status":"publish","type":"page","link":"https:\/\/laplumerivedroite.com\/zh-hans\/","title":{"rendered":"La Plume\u2014\u2014\u835f\u8403\u5168\u7403\u98ce\u5473\u4e4b\u6469\u767b\u9910\u5385"},"content":{"rendered":"","protected":false},"excerpt":{"rendered":"<p>Le restaurant panoramique offre une vue imprenable sur Paris. Le Chef propose \u00e0 ses h\u00f4tes une cuisine japonaise aux saveurs fran\u00e7aises.<\/p>\n","protected":false},"author":1,"featured_media":0,"parent":0,"menu_order":0,"comment_status":"closed","ping_status":"closed","template":"templates\/cms.php","meta":[],"acf":[],"_links":{"self":[{"href":"https:\/\/laplumerivedroite.com\/zh-hans\/wp-json\/wp\/v2\/pages\/12054"}],"collection":[{"href":"https:\/\/laplumerivedroite.com\/zh-hans\/wp-json\/wp\/v2\/pages"}],"about":[{"href":"https:\/\/laplumerivedroite.com\/zh-hans\/wp-json\/wp\/v2\/types\/page"}],"author":[{"embeddable":true,"href":"https:\/\/laplumerivedroite.com\/zh-hans\/wp-json\/wp\/v2\/users\/1"}],"replies":[{"embeddable":true,"href":"https:\/\/laplumerivedroite.com\/zh-hans\/wp-json\/wp\/v2\/comments?post=12054"}],"version-history":[{"count":10,"href":"https:\/\/laplumerivedroite.com\/zh-hans\/wp-json\/wp\/v2\/pages\/12054\/revisions"}],"predecessor-version":[{"id":13448,"href":"https:\/\/laplumerivedroite.com\/zh-hans\/wp-json\/wp\/v2\/pages\/12054\/revisions\/13448"}],"wp:attachment":[{"href":"https:\/\/laplumerivedroite.com\/zh-hans\/wp-json\/wp\/v2\/media?parent=12054"}],"curies":[{"name":"wp","href":"https:\/\/api.w.org\/{rel}","templated":true}]}}